{"id":267,"date":"2019-09-12T19:17:51","date_gmt":"2019-09-12T17:17:51","guid":{"rendered":"https:\/\/drlanfermann.eu\/shop\/?post_type=product&#038;p=267"},"modified":"2024-12-12T14:43:45","modified_gmt":"2024-12-12T13:43:45","slug":"dr-lanfermann-after-sun-spray-ph-12","status":"publish","type":"product","link":"https:\/\/drlanfermann.eu\/shop\/produkt\/dr-lanfermann-after-sun-spray-ph-12\/","title":{"rendered":"Dr. Lanfermann\u00ae After Sun Spray pH 12"},"content":{"rendered":"<p>Eine komplett neue Idee f\u00fcr kosmetische Produkte &#8211; die Verwendung von superionisierten Wasser mit dem pH-Wert 12.<\/p>\n<p>Das After Sun Spray pH 12 ist ein ausgezeichnetes Mittel, um nach dem Sonnenbaden der Haut wieder mehr Feuchtigkeit zuzuf\u00fchren. Ganz nebenbei werden Sonnenbr\u00e4nde ertr\u00e4glicher, bzw. verschwinden ganz und das schon nach 2-3 Anwendungen. Das effektivste Produkt gegen Sonnenbrand. Sie wollen es nicht mehr missen.<\/p>\n<p>Das Wasser ist sicher in der Anwendung. Bei Ber\u00fchrung mit der Haut wird der hauteigene pH-Wert (~5,5) angenommen. Nicht in die Augen spr\u00fchen! Wenn Sie das Wasser pH 12 ins Gesicht spr\u00fchen, die Augen schlie\u00dfen.<\/p>\n<p>Die Inhaltsstoffe entsprechen der Naturkosmetik COSMOS. Die Rohstoffe sind zertifiziert. Au\u00dferdem ist das Produkt vegan und halal.<\/p>\n<p>Inhalt: 100 ml<\/p>\n<p>GTIN: 4260612750182<\/p>\n<p>PZN 16134518<\/p>","protected":false},"excerpt":{"rendered":"<p>Das After Sun Spray pH 12 gibt der Haut die Feuchtigkeit zur\u00fcck, beruhigt sie und k\u00fchlt. Ideal bei Sonnenbrand. Ohne Konservierungsmittel, ohne Parf\u00fcm\u00f6le<\/p>\n","protected":false},"featured_media":270,"comment_status":"open","ping_status":"closed","template":"","meta":[],"product_brand":[],"product_cat":[82],"product_tag":[55,56],"class_list":{"0":"post-267","1":"product","2":"type-product","3":"status-publish","4":"has-post-thumbnail","6":"product_cat-ph12-2","7":"product_tag-ph-12","8":"product_tag-sonnenschutz","9":"product_shipping_class-frei-de","11":"first","12":"instock","13":"taxable","14":"shipping-taxable","15":"purchasable","16":"product-type-simple"},"_links":{"self":[{"href":"https:\/\/drlanfermann.eu\/shop\/wp-json\/wp\/v2\/product\/267","targetHints":{"allow":["GET"]}}],"collection":[{"href":"https:\/\/drlanfermann.eu\/shop\/wp-json\/wp\/v2\/product"}],"about":[{"href":"https:\/\/drlanfermann.eu\/shop\/wp-json\/wp\/v2\/types\/product"}],"replies":[{"embeddable":true,"href":"https:\/\/drlanfermann.eu\/shop\/wp-json\/wp\/v2\/comments?post=267"}],"wp:featuredmedia":[{"embeddable":true,"href":"https:\/\/drlanfermann.eu\/shop\/wp-json\/wp\/v2\/media\/270"}],"wp:attachment":[{"href":"https:\/\/drlanfermann.eu\/shop\/wp-json\/wp\/v2\/media?parent=267"}],"wp:term":[{"taxonomy":"product_brand","embeddable":true,"href":"https:\/\/drlanfermann.eu\/shop\/wp-json\/wp\/v2\/product_brand?post=267"},{"taxonomy":"product_cat","embeddable":true,"href":"https:\/\/drlanfermann.eu\/shop\/wp-json\/wp\/v2\/product_cat?post=267"},{"taxonomy":"product_tag","embeddable":true,"href":"https:\/\/drlanfermann.eu\/shop\/wp-json\/wp\/v2\/product_tag?post=267"}],"curies":[{"name":"wp","href":"https:\/\/api.w.org\/{rel}","templated":true}]}}