{"id":1480,"date":"2018-05-01T09:16:50","date_gmt":"2018-05-01T07:16:50","guid":{"rendered":"https:\/\/drlanfermann.eu\/?page_id=1480"},"modified":"2022-09-28T19:41:27","modified_gmt":"2022-09-28T17:41:27","slug":"dr-lanfermann-deo-creme","status":"publish","type":"page","link":"https:\/\/drlanfermann.eu\/nl\/dr-lanfermann-deo-creme\/","title":{"rendered":"Dr. Lanfermann\u00ae Deo Creme"},"content":{"rendered":"<div data-elementor-type=\"wp-post\" data-elementor-id=\"1480\" class=\"elementor elementor-1480 elementor-1301\">\n\t\t\t\t\t\t<section class=\"elementor-section elementor-top-section elementor-element elementor-element-2c5f6e6c elementor-section-boxed elementor-section-height-default elementor-section-height-default\" data-id=\"2c5f6e6c\" data-element_type=\"section\">\n\t\t\t\t\t\t<div class=\"elementor-container elementor-column-gap-default\">\n\t\t\t\t\t<div class=\"elementor-column elementor-col-25 elementor-top-column elementor-element elementor-element-53481758\" data-id=\"53481758\" data-element_type=\"column\">\n\t\t\t<div class=\"elementor-widget-wrap elementor-element-populated\">\n\t\t\t\t\t\t<div class=\"elementor-element elementor-element-336936e7 elementor-button-success elementor-align-center elementor-widget elementor-widget-button\" data-id=\"336936e7\" data-element_type=\"widget\" data-widget_type=\"button.default\">\n\t\t\t\t<div class=\"elementor-widget-container\">\n\t\t\t\t\t\t\t\t\t<div class=\"elementor-button-wrapper\">\n\t\t\t\t\t<a class=\"elementor-button elementor-button-link elementor-size-lg\" href=\"#\">\n\t\t\t\t\t\t<span class=\"elementor-button-content-wrapper\">\n\t\t\t\t\t\t\t\t\t<span class=\"elementor-button-text\">Dr. Lanfermann\u00ae Deo Creme Producten<\/span>\n\t\t\t\t\t<\/span>\n\t\t\t\t\t<\/a>\n\t\t\t\t<\/div>\n\t\t\t\t\t\t\t\t<\/div>\n\t\t\t\t<\/div>\n\t\t\t\t\t<\/div>\n\t\t<\/div>\n\t\t\t\t<div class=\"elementor-column elementor-col-25 elementor-top-column elementor-element elementor-element-4878bafe\" data-id=\"4878bafe\" data-element_type=\"column\">\n\t\t\t<div class=\"elementor-widget-wrap elementor-element-populated\">\n\t\t\t\t\t\t<div class=\"elementor-element elementor-element-4094ab40 elementor-button-info elementor-widget elementor-widget-button\" data-id=\"4094ab40\" data-element_type=\"widget\" data-widget_type=\"button.default\">\n\t\t\t\t<div class=\"elementor-widget-container\">\n\t\t\t\t\t\t\t\t\t<div class=\"elementor-button-wrapper\">\n\t\t\t\t\t<a class=\"elementor-button elementor-button-link elementor-size-lg elementor-animation-shrink\" href=\"https:\/\/drlanfermann.eu\/nl\/dr-lanfermann-anti-aging-produkte\/\">\n\t\t\t\t\t\t<span class=\"elementor-button-content-wrapper\">\n\t\t\t\t\t\t\t\t\t<span class=\"elementor-button-text\">Dr. Lanfermann\u00ae Anti-Aging Producten<\/span>\n\t\t\t\t\t<\/span>\n\t\t\t\t\t<\/a>\n\t\t\t\t<\/div>\n\t\t\t\t\t\t\t\t<\/div>\n\t\t\t\t<\/div>\n\t\t\t\t\t<\/div>\n\t\t<\/div>\n\t\t\t\t<div class=\"elementor-column elementor-col-25 elementor-top-column elementor-element elementor-element-799b958c\" data-id=\"799b958c\" data-element_type=\"column\">\n\t\t\t<div class=\"elementor-widget-wrap\">\n\t\t\t\t\t\t\t<\/div>\n\t\t<\/div>\n\t\t\t\t<div class=\"elementor-column elementor-col-25 elementor-top-column elementor-element elementor-element-269406e2\" data-id=\"269406e2\" data-element_type=\"column\">\n\t\t\t<div class=\"elementor-widget-wrap elementor-element-populated\">\n\t\t\t\t\t\t<div class=\"elementor-element elementor-element-94bc937 elementor-button-info elementor-widget elementor-widget-button\" data-id=\"94bc937\" data-element_type=\"widget\" data-widget_type=\"button.default\">\n\t\t\t\t<div class=\"elementor-widget-container\">\n\t\t\t\t\t\t\t\t\t<div class=\"elementor-button-wrapper\">\n\t\t\t\t\t<a class=\"elementor-button elementor-button-link elementor-size-lg elementor-animation-shrink\" href=\"https:\/\/drlanfermann.eu\/nl\/dr-lanfermann-cosmetica-ph-12\/\">\n\t\t\t\t\t\t<span class=\"elementor-button-content-wrapper\">\n\t\t\t\t\t\t\t\t\t<span class=\"elementor-button-text\">Dr. Lanfermann\u00ae Cosmetica pH 12<\/span>\n\t\t\t\t\t<\/span>\n\t\t\t\t\t<\/a>\n\t\t\t\t<\/div>\n\t\t\t\t\t\t\t\t<\/div>\n\t\t\t\t<\/div>\n\t\t\t\t\t<\/div>\n\t\t<\/div>\n\t\t\t\t\t<\/div>\n\t\t<\/section>\n\t\t\t\t<section class=\"elementor-section elementor-top-section elementor-element elementor-element-1ac77cf elementor-section-boxed elementor-section-height-default elementor-section-height-default\" data-id=\"1ac77cf\" data-element_type=\"section\">\n\t\t\t\t\t\t<div class=\"elementor-container elementor-column-gap-default\">\n\t\t\t\t\t<div class=\"elementor-column elementor-col-100 elementor-top-column elementor-element elementor-element-c3e57c6\" data-id=\"c3e57c6\" data-element_type=\"column\">\n\t\t\t<div class=\"elementor-widget-wrap elementor-element-populated\">\n\t\t\t\t\t\t<div class=\"elementor-element elementor-element-21f72a2 elementor-widget elementor-widget-spacer\" data-id=\"21f72a2\" data-element_type=\"widget\" data-widget_type=\"spacer.default\">\n\t\t\t\t<div class=\"elementor-widget-container\">\n\t\t\t\t\t\t\t<div class=\"elementor-spacer\">\n\t\t\t<div class=\"elementor-spacer-inner\"><\/div>\n\t\t<\/div>\n\t\t\t\t\t\t<\/div>\n\t\t\t\t<\/div>\n\t\t\t\t\t<\/div>\n\t\t<\/div>\n\t\t\t\t\t<\/div>\n\t\t<\/section>\n\t\t\t\t<section class=\"elementor-section elementor-top-section elementor-element elementor-element-28bef014 elementor-section-boxed elementor-section-height-default elementor-section-height-default\" data-id=\"28bef014\" data-element_type=\"section\">\n\t\t\t\t\t\t<div class=\"elementor-container elementor-column-gap-default\">\n\t\t\t\t\t<div class=\"elementor-column elementor-col-100 elementor-top-column elementor-element elementor-element-2e4c957\" data-id=\"2e4c957\" data-element_type=\"column\">\n\t\t\t<div class=\"elementor-widget-wrap elementor-element-populated\">\n\t\t\t\t\t\t<div class=\"elementor-element elementor-element-6a274e18 elementor-widget elementor-widget-heading\" data-id=\"6a274e18\" data-element_type=\"widget\" id=\"1000\" data-widget_type=\"heading.default\">\n\t\t\t\t<div class=\"elementor-widget-container\">\n\t\t\t\t\t<h3 class=\"elementor-heading-title elementor-size-medium\"><a href=\"http:\/\/id=deo\">Dr. Lanfermann\u00ae Deo Creme Producten<\/a><\/h3>\t\t\t\t<\/div>\n\t\t\t\t<\/div>\n\t\t\t\t<div class=\"elementor-element elementor-element-490b9127 elementor-widget elementor-widget-text-editor\" data-id=\"490b9127\" data-element_type=\"widget\" data-widget_type=\"text-editor.default\">\n\t\t\t\t<div class=\"elementor-widget-container\">\n\t\t\t\t\t\t\t\t\t<p><strong><img decoding=\"async\" class=\"alignleft wp-image-3689 size-thumbnail\" src=\"https:\/\/drlanfermann.eu\/wp-content\/uploads\/2022\/09\/Dr.-Lanfermann_Deo_1000_trans-1-150x150.png\" alt=\"Dr. Lanfermann Deo creme\" width=\"150\" height=\"150\" srcset=\"https:\/\/drlanfermann.eu\/wp-content\/uploads\/2022\/09\/Dr.-Lanfermann_Deo_1000_trans-1-150x150.png 150w, https:\/\/drlanfermann.eu\/wp-content\/uploads\/2022\/09\/Dr.-Lanfermann_Deo_1000_trans-1-300x300.png 300w, https:\/\/drlanfermann.eu\/wp-content\/uploads\/2022\/09\/Dr.-Lanfermann_Deo_1000_trans-1-100x100.png 100w\" sizes=\"(max-width: 150px) 100vw, 150px\" \/>Dr. Lanfermann\u00ae Deo Creme<\/strong> is verkrijgbaar in drie verschillende varianten &#8211; standaard, als natuurlijke cosmetica en als voetdeodorantcr\u00e8me. Ze zijn allemaal gemaakt van geselecteerde veganistische grondstoffen en voldoen allemaal aan de eisen van halal cosmetica. Door het afgeven van aluminiumzouten voorkomen de deodorantcr\u00e8mes veilig de geur van transpiratie, maar niet van transpiratie. En last but not least, alle cr\u00e8mes werken enkele uren tot dagen, afhankelijk van de omgevingstemperatuur. Alle cr\u00e8mes zijn zeer productief. 30 g kan tot 4 maanden meegaan met aanbevolen gebruik. Zo ondersteunen wij de afvalvermijding en\/of afvalvermindering.<\/p>\t\t\t\t\t\t\t\t<\/div>\n\t\t\t\t<\/div>\n\t\t\t\t<div class=\"elementor-element elementor-element-273425fb elementor-widget elementor-widget-heading\" data-id=\"273425fb\" data-element_type=\"widget\" data-widget_type=\"heading.default\">\n\t\t\t\t<div class=\"elementor-widget-container\">\n\t\t\t\t\t<h4 class=\"elementor-heading-title elementor-size-small\">Dr. Lanfermann\u00ae Deo Creme veganist<\/h4>\t\t\t\t<\/div>\n\t\t\t\t<\/div>\n\t\t\t\t<div class=\"elementor-element elementor-element-218bd54 elementor-widget elementor-widget-text-editor\" data-id=\"218bd54\" data-element_type=\"widget\" data-widget_type=\"text-editor.default\">\n\t\t\t\t<div class=\"elementor-widget-container\">\n\t\t\t\t\t\t\t\t\t<p><img decoding=\"async\" class=\"alignleft wp-image-3669 size-thumbnail\" src=\"https:\/\/drlanfermann.eu\/wp-content\/uploads\/2022\/09\/DeoCreme_1000-150x150.png\" alt=\"Dr. Lanfermann Deo Creme\" width=\"150\" height=\"150\" srcset=\"https:\/\/drlanfermann.eu\/wp-content\/uploads\/2022\/09\/DeoCreme_1000-150x150.png 150w, https:\/\/drlanfermann.eu\/wp-content\/uploads\/2022\/09\/DeoCreme_1000-300x300.png 300w, https:\/\/drlanfermann.eu\/wp-content\/uploads\/2022\/09\/DeoCreme_1000-768x768.png 768w, https:\/\/drlanfermann.eu\/wp-content\/uploads\/2022\/09\/DeoCreme_1000-100x100.png 100w, https:\/\/drlanfermann.eu\/wp-content\/uploads\/2022\/09\/DeoCreme_1000-200x200.png 200w, https:\/\/drlanfermann.eu\/wp-content\/uploads\/2022\/09\/DeoCreme_1000-450x450.png 450w, https:\/\/drlanfermann.eu\/wp-content\/uploads\/2022\/09\/DeoCreme_1000-600x600.png 600w, https:\/\/drlanfermann.eu\/wp-content\/uploads\/2022\/09\/DeoCreme_1000-900x900.png 900w, https:\/\/drlanfermann.eu\/wp-content\/uploads\/2022\/09\/DeoCreme_1000.png 1000w\" sizes=\"(max-width: 150px) 100vw, 150px\" \/>De <strong>standaard deodorantcr\u00e8me<\/strong> bevat farmaceutische vaseline en is het meest effectief. Na het douchen wordt een kleine hoeveelheid cr\u00e8me licht verdeeld onder de oksels. Dit is al voldoende om de geurvormende bacteri\u00ebn te vernietigen. De cr\u00e8me is delicaat voor de huid en laat meestal geen sporen achter op de kleding. Maar je hoeft niet zonder de volgende douche. De deodorantcr\u00e8me werkt nog steeds. Het proces wordt niet herhaald totdat de geuren terugkomen. Tests in hete gebieden bij 40\u00b0C toonden de werkzaamheid aan tot drie dagen. De subtiele, licht bittere citrusgeur wordt verkregen door toevoeging van kalkolie.<\/p>\t\t\t\t\t\t\t\t<\/div>\n\t\t\t\t<\/div>\n\t\t\t\t<div class=\"elementor-element elementor-element-40192ed8 elementor-widget elementor-widget-heading\" data-id=\"40192ed8\" data-element_type=\"widget\" data-widget_type=\"heading.default\">\n\t\t\t\t<div class=\"elementor-widget-container\">\n\t\t\t\t\t<h4 class=\"elementor-heading-title elementor-size-small\">Dr. Lanfermann\u00ae Deo Creme Natuurlijke Cosmetica veganist<\/h4>\t\t\t\t<\/div>\n\t\t\t\t<\/div>\n\t\t\t\t<div class=\"elementor-element elementor-element-1918810f elementor-widget elementor-widget-text-editor\" data-id=\"1918810f\" data-element_type=\"widget\" data-widget_type=\"text-editor.default\">\n\t\t\t\t<div class=\"elementor-widget-container\">\n\t\t\t\t\t\t\t\t\t<p><img decoding=\"async\" class=\"alignleft wp-image-3677 size-thumbnail\" src=\"https:\/\/drlanfermann.eu\/wp-content\/uploads\/2022\/09\/DeoCreme_natur_1000-150x150.png\" alt=\"Dr. Lanfermann Deo Creme Naturkosmetik\" width=\"150\" height=\"150\" srcset=\"https:\/\/drlanfermann.eu\/wp-content\/uploads\/2022\/09\/DeoCreme_natur_1000-150x150.png 150w, https:\/\/drlanfermann.eu\/wp-content\/uploads\/2022\/09\/DeoCreme_natur_1000-300x300.png 300w, https:\/\/drlanfermann.eu\/wp-content\/uploads\/2022\/09\/DeoCreme_natur_1000-768x768.png 768w, https:\/\/drlanfermann.eu\/wp-content\/uploads\/2022\/09\/DeoCreme_natur_1000-100x100.png 100w, https:\/\/drlanfermann.eu\/wp-content\/uploads\/2022\/09\/DeoCreme_natur_1000-200x200.png 200w, https:\/\/drlanfermann.eu\/wp-content\/uploads\/2022\/09\/DeoCreme_natur_1000-450x450.png 450w, https:\/\/drlanfermann.eu\/wp-content\/uploads\/2022\/09\/DeoCreme_natur_1000-600x600.png 600w, https:\/\/drlanfermann.eu\/wp-content\/uploads\/2022\/09\/DeoCreme_natur_1000-900x900.png 900w, https:\/\/drlanfermann.eu\/wp-content\/uploads\/2022\/09\/DeoCreme_natur_1000.png 1000w\" sizes=\"(max-width: 150px) 100vw, 150px\" \/>De <strong>deodorantcr\u00e8me als natuurlijke cosmetica<\/strong> heeft een vergelijkbare structuur als de standaard deodorantcr\u00e8me. Hier werd alleen de vaseline vervangen door een natuurlijke jojobawas. Bovendien zijn alle grondstoffen afkomstig van gecontroleerde biologische teelt. De effectiviteit tegen geurvormende bacteri\u00ebn is hetzelfde als bij de standaard deodorant cr\u00e8me, maar de effectiviteit gaat niet zo lang mee. In tests in Duitsland en Itali\u00eb werden tot drie dagen werkzaamheid bereikt. Deze cr\u00e8me voldoet aan de eisen van COSMOS als natuurlijke cosmetica. De deodorant cr\u00e8me ruikt aangenaam naar zoete sinaasappels.<\/p>\t\t\t\t\t\t\t\t<\/div>\n\t\t\t\t<\/div>\n\t\t\t\t<div class=\"elementor-element elementor-element-212fe22d elementor-widget elementor-widget-heading\" data-id=\"212fe22d\" data-element_type=\"widget\" data-widget_type=\"heading.default\">\n\t\t\t\t<div class=\"elementor-widget-container\">\n\t\t\t\t\t<h4 class=\"elementor-heading-title elementor-size-small\">Dr. Lanfermann\u00ae Fu\u00df-Deo Creme veganist<\/h4>\t\t\t\t<\/div>\n\t\t\t\t<\/div>\n\t\t\t\t<div class=\"elementor-element elementor-element-1d645595 elementor-widget elementor-widget-text-editor\" data-id=\"1d645595\" data-element_type=\"widget\" data-widget_type=\"text-editor.default\">\n\t\t\t\t<div class=\"elementor-widget-container\">\n\t\t\t\t\t\t\t\t\t<p><img loading=\"lazy\" decoding=\"async\" class=\"alignleft wp-image-3673 size-thumbnail\" src=\"https:\/\/drlanfermann.eu\/wp-content\/uploads\/2022\/09\/DeoCreme_Fuss_1000-150x150.png\" alt=\"Dr. Lanfermann Fu\u00df-Deo Creme\" width=\"150\" height=\"150\" srcset=\"https:\/\/drlanfermann.eu\/wp-content\/uploads\/2022\/09\/DeoCreme_Fuss_1000-150x150.png 150w, https:\/\/drlanfermann.eu\/wp-content\/uploads\/2022\/09\/DeoCreme_Fuss_1000-300x300.png 300w, https:\/\/drlanfermann.eu\/wp-content\/uploads\/2022\/09\/DeoCreme_Fuss_1000-768x768.png 768w, https:\/\/drlanfermann.eu\/wp-content\/uploads\/2022\/09\/DeoCreme_Fuss_1000-100x100.png 100w, https:\/\/drlanfermann.eu\/wp-content\/uploads\/2022\/09\/DeoCreme_Fuss_1000-200x200.png 200w, https:\/\/drlanfermann.eu\/wp-content\/uploads\/2022\/09\/DeoCreme_Fuss_1000-450x450.png 450w, https:\/\/drlanfermann.eu\/wp-content\/uploads\/2022\/09\/DeoCreme_Fuss_1000-600x600.png 600w, https:\/\/drlanfermann.eu\/wp-content\/uploads\/2022\/09\/DeoCreme_Fuss_1000-900x900.png 900w, https:\/\/drlanfermann.eu\/wp-content\/uploads\/2022\/09\/DeoCreme_Fuss_1000.png 1000w\" sizes=\"(max-width: 150px) 100vw, 150px\" \/>In warme streken worden de voeten bij urenlang dragen van gesloten schoenen of werkschoenen blootgesteld aan het martelaarschap. Er ontstaan niet alleen onaangename geuren, maar ook een gedeeltelijke roodheid tussen de tenen. De <strong>voet deodorantcr\u00e8me<\/strong> gaat deze omstandigheid tegen. De cr\u00e8me is zacht voor de huid, beschermt deze en voorkomt onaangename geuren. Zelfs als de voeten dagelijks worden gewassen, moet de deodorantcr\u00e8me voor de voeten alleen worden vervangen als het effect vermindert. Zelfs met hardnekkige gevallen was er snel een succes.<\/p><p>In November 2019 werd de voetdeodorantcr\u00e8me bekroond met het beste product door <a href=\"https:\/\/www.vergleich.org\/fussdeo\/\" target=\"_blank\" rel=\"noopener\">vergleich.org<\/a>.<\/p>\t\t\t\t\t\t\t\t<\/div>\n\t\t\t\t<\/div>\n\t\t\t\t<div class=\"elementor-element elementor-element-65d8bd7 elementor-widget elementor-widget-spacer\" data-id=\"65d8bd7\" data-element_type=\"widget\" data-widget_type=\"spacer.default\">\n\t\t\t\t<div class=\"elementor-widget-container\">\n\t\t\t\t\t\t\t<div class=\"elementor-spacer\">\n\t\t\t<div class=\"elementor-spacer-inner\"><\/div>\n\t\t<\/div>\n\t\t\t\t\t\t<\/div>\n\t\t\t\t<\/div>\n\t\t\t\t<div class=\"elementor-element elementor-element-6155d82e elementor-widget elementor-widget-spacer\" data-id=\"6155d82e\" data-element_type=\"widget\" data-widget_type=\"spacer.default\">\n\t\t\t\t<div class=\"elementor-widget-container\">\n\t\t\t\t\t\t\t<div class=\"elementor-spacer\">\n\t\t\t<div class=\"elementor-spacer-inner\"><\/div>\n\t\t<\/div>\n\t\t\t\t\t\t<\/div>\n\t\t\t\t<\/div>\n\t\t\t\t\t<\/div>\n\t\t<\/div>\n\t\t\t\t\t<\/div>\n\t\t<\/section>\n\t\t\t\t<\/div>","protected":false},"excerpt":{"rendered":"<p>Dr. Lanfermann\u00ae Deo Creme Producten Dr. Lanfermann\u00ae Anti-Aging Producten Dr. Lanfermann\u00ae Cosmetica pH 12 Dr. Lanfermann\u00ae Deo Creme Producten Dr. Lanfermann\u00ae Deo Creme is verkrijgbaar in drie verschillende varianten &#8211; standaard, als natuurlijke cosmetica en als voetdeodorantcr\u00e8me. Ze zijn allemaal &hellip;<\/p>\n<p class=\"read-more\"> <a class=\"more-link\" href=\"https:\/\/drlanfermann.eu\/nl\/dr-lanfermann-deo-creme\/\"> <span class=\"screen-reader-text\">Dr. Lanfermann\u00ae Deo Creme<\/span> Meer lezen &raquo;<\/a><\/p>\n","protected":false},"author":1,"featured_media":0,"parent":0,"menu_order":0,"comment_status":"closed","ping_status":"closed","template":"","meta":{"footnotes":""},"class_list":["post-1480","page","type-page","status-publish","hentry"],"_links":{"self":[{"href":"https:\/\/drlanfermann.eu\/nl\/wp-json\/wp\/v2\/pages\/1480","targetHints":{"allow":["GET"]}}],"collection":[{"href":"https:\/\/drlanfermann.eu\/nl\/wp-json\/wp\/v2\/pages"}],"about":[{"href":"https:\/\/drlanfermann.eu\/nl\/wp-json\/wp\/v2\/types\/page"}],"author":[{"embeddable":true,"href":"https:\/\/drlanfermann.eu\/nl\/wp-json\/wp\/v2\/users\/1"}],"replies":[{"embeddable":true,"href":"https:\/\/drlanfermann.eu\/nl\/wp-json\/wp\/v2\/comments?post=1480"}],"version-history":[{"count":13,"href":"https:\/\/drlanfermann.eu\/nl\/wp-json\/wp\/v2\/pages\/1480\/revisions"}],"predecessor-version":[{"id":3701,"href":"https:\/\/drlanfermann.eu\/nl\/wp-json\/wp\/v2\/pages\/1480\/revisions\/3701"}],"wp:attachment":[{"href":"https:\/\/drlanfermann.eu\/nl\/wp-json\/wp\/v2\/media?parent=1480"}],"curies":[{"name":"wp","href":"https:\/\/api.w.org\/{rel}","templated":true}]}}